{"id":93,"date":"2015-03-26T14:20:15","date_gmt":"2015-03-26T14:20:15","guid":{"rendered":"http:\/\/wpnet.mrjive.eu\/quba\/?page_id=93"},"modified":"2018-04-30T11:21:19","modified_gmt":"2018-04-30T11:21:19","slug":"mitgliedschaften","status":"publish","type":"page","link":"https:\/\/quba-gmbh.de\/en\/mitgliedschaften\/","title":{"rendered":"Memberships"},"content":{"rendered":"American Chamber of Commerce in Germany e.V. <a href=\"https:\/\/amcham.de\" target=\"_blank\">www.amcham.de<\/a><\/p>\n<p>Landesverband der steuerberatenden wirtschaftspr\u00fcfenden Berufe in Bayern e.V. <a href=\"https:\/\/lswb.de\" target=\"_blank\">www.swb.de<\/a><\/p>\n<p>Institut der Wirtschaftspr\u00fcfer <a href=\"https:\/\/idw.de\" target=\"_blank\">www.idw.de<\/a><\/p>\n<p>DATEV <a href=\"httsp:\/\/datev.de\" target=\"_blank\">www.datev.de<\/a><\/p>\n<p>Steuerberaterkammer <a href=\"http:\/\/www.steuerberaterkammer-muenchen.de\" target=\"_blank\">www.steuerberaterkammer-muenchen.de<\/a><\/p>\n<p>Industrie und Handelskammer f\u00fcr M\u00fcnchen und Oberbayern <a href=\"https:\/\/www.muenchen.ihk.de\" target=\"_blank\">www.muenchen.ihk.de<\/a>","protected":false},"excerpt":{"rendered":"<p>American Chamber of Commerce in Germany e.V. www.amcham.de Landesverband der steuerberatenden wirtschaftspr\u00fcfenden Berufe in Bayern e.V. www.swb.de Institut der Wirtschaftspr\u00fcfer www.idw.de DATEV www.datev.de Steuerberaterkammer www.steuerberaterkammer-muenchen.de Industrie und Handelskammer f\u00fcr M\u00fcnchen und Oberbayern www.muenchen.ihk.de<\/p>\n","protected":false},"author":1,"featured_media":0,"parent":0,"menu_order":0,"comment_status":"closed","ping_status":"closed","template":"","meta":{"footnotes":""},"_links":{"self":[{"href":"https:\/\/quba-gmbh.de\/en\/wp-json\/wp\/v2\/pages\/93"}],"collection":[{"href":"https:\/\/quba-gmbh.de\/en\/wp-json\/wp\/v2\/pages"}],"about":[{"href":"https:\/\/quba-gmbh.de\/en\/wp-json\/wp\/v2\/types\/page"}],"author":[{"embeddable":true,"href":"https:\/\/quba-gmbh.de\/en\/wp-json\/wp\/v2\/users\/1"}],"replies":[{"embeddable":true,"href":"https:\/\/quba-gmbh.de\/en\/wp-json\/wp\/v2\/comments?post=93"}],"version-history":[{"count":3,"href":"https:\/\/quba-gmbh.de\/en\/wp-json\/wp\/v2\/pages\/93\/revisions"}],"predecessor-version":[{"id":166,"href":"https:\/\/quba-gmbh.de\/en\/wp-json\/wp\/v2\/pages\/93\/revisions\/166"}],"wp:attachment":[{"href":"https:\/\/quba-gmbh.de\/en\/wp-json\/wp\/v2\/media?parent=93"}],"curies":[{"name":"wp","href":"https:\/\/api.w.org\/{rel}","templated":true}]}}