{"id":97,"date":"2015-03-26T14:38:55","date_gmt":"2015-03-26T14:38:55","guid":{"rendered":"http:\/\/wpnet.mrjive.eu\/quba\/?page_id=97"},"modified":"2018-05-23T06:39:03","modified_gmt":"2018-05-23T06:39:03","slug":"verantwortlich-im-sinne-des-telemediengesetzes","status":"publish","type":"page","link":"https:\/\/quba-gmbh.de\/de\/verantwortlich-im-sinne-des-telemediengesetzes\/","title":{"rendered":"Verantwortlich im Sinne des Telemediengesetzes"},"content":{"rendered":"QUBA GmbH Steuerberatungsgesellschaft Beethovenplatz 2 &#8211; 80336 M\u00fcnchen<\/p>\n<p>Tel: +49 (89) 5998819-0<\/p>\n<p>Fax:+49 (89) 5998819-1<\/p>\n<p><a href=\"mailto:bartscherer@quba-gmbh.de\">bartscherer@quba-gmbh.de<\/a><\/p>\n<p>Amtsgericht M\u00fcnchen HRB 213595<\/p>\n<p>USt-ID-Nr.: DE296459043<\/p>\n<p>Gesch\u00e4ftsf\u00fchrer: Quintus Bartscherer<\/p>\n<p>Wirtschaftspr\u00fcfer, Steuerberater<\/p>\n<p>Mitarbeiter der QUBA GmbH f\u00fchren die gesetzlichen Berufsbezeichnungen &#8222;Steuerberater&#8220; und\/oder &#8222;Wirtschaftspr\u00fcfer&#8220;.<\/p>\n<p>Diese Berufsbezeichnungen wurden in der Bundesrepublik Deutschland verliehen.<\/p>\n<p>Zust\u00e4ndige Aufsichtsbeh\u00f6rden sind f\u00fcr Steuerberater Steuerberaterkammer M\u00fcnchen, Nederlinger Strasse 9, 80638 M\u00fcnchen <a href=\"http:\/\/www.steuerberaterkammer-muenchen.de\" target=\"_blank\" rel=\"noopener\">www.steuerberaterkammer-muenchen.de<\/a><\/p>\n<p>Wirtschaftspr\u00fcfer<\/p>\n<p>Wirtschaftspr\u00fcferkammer, Rauchstrasse 26, 10787 Berlin <a href=\"http:\/\/www.wpk.de\" target=\"_blank\" rel=\"noopener\">www.wpk.de<\/a><\/p>\n<p>Angaben zu nach \u00a7 67 StBerG vorgeschriebenen und bestehenden Berufshaftpflichtversicherungsvertr\u00e4gen<\/p>\n<p>Versicherer:<\/p>\n<p>Bayerischer Versicherungsverband Versicherungsaktiengesellschaft, Maximilianstr.53, 80530 M\u00fcnchen<\/p>\n<p>Angaben zum r\u00e4umlichen Geltungsbereich:<\/p>\n<ol>\n<li>Deutschland<\/li>\n<li>Europ\u00e4isches Ausland, T\u00fcrkei und die Statten auf dem Gebiet der ehemaligen Sowjetunion<br \/>\nVersichert sind Haftpflichtanspr\u00fcche<\/p>\n<ul>\n<li>die vor Gerichten dieser L\u00e4nder geltend gemacht werden sowie<\/li>\n<li>aus der Verletzung oder Nichtbeachtung des Rechts dieser L\u00e4nder<\/li>\n<\/ul>\n<\/li>\n<li>F\u00fcr die zuvor nicht genannten L\u00e4nder\n<ul>\n<li>aus der Verletzung oder Nichtbeachtung des Abgabenrechts, soweit sie bei gesch\u00e4ftsm\u00e4\u00dfigen Hilfeleistungen in Steuersachen entstanden sind und dem Auftrag nur deutsches Rechts zugrunde liegt<\/li>\n<\/ul>\n<\/li>\n<li>Die Versicherungsleitung beschr\u00e4nkt sich auf die gesetzlich vorgeschriebene Mindestversicherungssumme Weltweit f\u00fcr Haftpflichtanspr\u00fcche aus T\u00e4tigkeiten, die \u00fcber in anderen Staaten eingerichtete oder unterhaltene Kanzleien oder B\u00fcros, ausl\u00e4ndische Tochtergesellschaften, ausl\u00e4ndische Zweigstellen jedweder Art oder \u00fcber Kooperationsvereinbarungen verbundene Firmen im Ausland ausge\u00fcbt werden, soweit diese nicht durch besondere Vereinbarung eingeschlossen sind; und zwar maximal in H\u00f6he der gesetzlich vorgeschriebenen Mindestversicherungssumme.<\/li>\n<\/ol>","protected":false},"excerpt":{"rendered":"<p>QUBA GmbH Steuerberatungsgesellschaft Beethovenplatz 2 &#8211; 80336 M\u00fcnchen Tel: +49 (89) 5998819-0 Fax:+49 (89) 5998819-1 bartscherer@quba-gmbh.de Amtsgericht M\u00fcnchen HRB 213595 USt-ID-Nr.: DE296459043 Gesch\u00e4ftsf\u00fchrer: Quintus Bartscherer Wirtschaftspr\u00fcfer, Steuerberater Mitarbeiter der QUBA GmbH f\u00fchren die gesetzlichen Berufsbezeichnungen &#8222;Steuerberater&#8220; und\/oder &#8222;Wirtschaftspr\u00fcfer&#8220;. Diese Berufsbezeichnungen wurden in der Bundesrepublik Deutschland verliehen. Zust\u00e4ndige Aufsichtsbeh\u00f6rden sind f\u00fcr Steuerberater Steuerberaterkammer M\u00fcnchen, Nederlinger Strasse [&hellip;]<\/p>\n","protected":false},"author":1,"featured_media":0,"parent":0,"menu_order":0,"comment_status":"closed","ping_status":"closed","template":"","meta":{"footnotes":""},"_links":{"self":[{"href":"https:\/\/quba-gmbh.de\/de\/wp-json\/wp\/v2\/pages\/97"}],"collection":[{"href":"https:\/\/quba-gmbh.de\/de\/wp-json\/wp\/v2\/pages"}],"about":[{"href":"https:\/\/quba-gmbh.de\/de\/wp-json\/wp\/v2\/types\/page"}],"author":[{"embeddable":true,"href":"https:\/\/quba-gmbh.de\/de\/wp-json\/wp\/v2\/users\/1"}],"replies":[{"embeddable":true,"href":"https:\/\/quba-gmbh.de\/de\/wp-json\/wp\/v2\/comments?post=97"}],"version-history":[{"count":3,"href":"https:\/\/quba-gmbh.de\/de\/wp-json\/wp\/v2\/pages\/97\/revisions"}],"predecessor-version":[{"id":172,"href":"https:\/\/quba-gmbh.de\/de\/wp-json\/wp\/v2\/pages\/97\/revisions\/172"}],"wp:attachment":[{"href":"https:\/\/quba-gmbh.de\/de\/wp-json\/wp\/v2\/media?parent=97"}],"curies":[{"name":"wp","href":"https:\/\/api.w.org\/{rel}","templated":true}]}}